{"id":3044,"date":"2024-02-15T14:25:19","date_gmt":"2024-02-15T14:25:19","guid":{"rendered":"https:\/\/zuelligphilanthropy.com\/les-cofondateurs\/"},"modified":"2024-05-07T14:07:21","modified_gmt":"2024-05-07T14:07:21","slug":"les-cofondateurs","status":"publish","type":"page","link":"https:\/\/zuelligphilanthropy.com\/fr\/les-cofondateurs\/","title":{"rendered":"Les Cofondateurs"},"content":{"rendered":"\t\t<div data-elementor-type=\"wp-page\" data-elementor-id=\"3044\" class=\"elementor elementor-3044 elementor-2046\" data-elementor-post-type=\"page\">\n\t\t\t\t<div class=\"elementor-element elementor-element-b32f3fb e-flex e-con-boxed e-con e-parent\" data-id=\"b32f3fb\" data-element_type=\"container\">\n\t\t\t\t\t<div class=\"e-con-inner\">\n\t\t\t\t<div class=\"elementor-element elementor-element-1771de4 elementor-widget__width-auto elementor-widget elementor-widget-heading\" data-id=\"1771de4\" data-element_type=\"widget\" data-widget_type=\"heading.default\">\n\t\t\t\t<div class=\"elementor-widget-container\">\n\t\t\t<style>\/*! elementor - v3.21.0 - 08-05-2024 *\/\n.elementor-heading-title{padding:0;margin:0;line-height:1}.elementor-widget-heading .elementor-heading-title[class*=elementor-size-]>a{color:inherit;font-size:inherit;line-height:inherit}.elementor-widget-heading .elementor-heading-title.elementor-size-small{font-size:15px}.elementor-widget-heading .elementor-heading-title.elementor-size-medium{font-size:19px}.elementor-widget-heading .elementor-heading-title.elementor-size-large{font-size:29px}.elementor-widget-heading .elementor-heading-title.elementor-size-xl{font-size:39px}.elementor-widget-heading .elementor-heading-title.elementor-size-xxl{font-size:59px}<\/style><h2 class=\"elementor-heading-title elementor-size-default\">Les Cofondateurs<\/h2>\t\t<\/div>\n\t\t\t\t<\/div>\n\t\t\t\t\t<\/div>\n\t\t\t\t<\/div>\n\t\t<div class=\"elementor-element elementor-element-a4483da e-con-full e-flex e-con e-parent\" data-id=\"a4483da\" data-element_type=\"container\">\n\t\t<div class=\"elementor-element elementor-element-de2b68b e-flex e-con-boxed e-con e-child\" data-id=\"de2b68b\" data-element_type=\"container\">\n\t\t\t\t\t<div class=\"e-con-inner\">\n\t\t<div class=\"elementor-element elementor-element-224b596 e-flex e-con-boxed e-con e-child\" data-id=\"224b596\" data-element_type=\"container\">\n\t\t\t\t\t<div class=\"e-con-inner\">\n\t\t\t\t<div class=\"elementor-element elementor-element-f3857fc elementor-widget elementor-widget-image\" data-id=\"f3857fc\" data-element_type=\"widget\" data-widget_type=\"image.default\">\n\t\t\t\t<div class=\"elementor-widget-container\">\n\t\t\t<style>\/*! elementor - v3.21.0 - 08-05-2024 *\/\n.elementor-widget-image{text-align:center}.elementor-widget-image a{display:inline-block}.elementor-widget-image a img[src$=\".svg\"]{width:48px}.elementor-widget-image img{vertical-align:middle;display:inline-block}<\/style>\t\t\t\t\t\t\t\t\t\t<img fetchpriority=\"high\" decoding=\"async\" width=\"520\" height=\"613\" src=\"https:\/\/zuelligphilanthropy.com\/wp-content\/uploads\/2024\/02\/ZIP-Web-Assets_Founders-David-01.png\" class=\"attachment-large size-large wp-image-2644\" alt=\"\" srcset=\"https:\/\/zuelligphilanthropy.com\/wp-content\/uploads\/2024\/02\/ZIP-Web-Assets_Founders-David-01.png 520w, https:\/\/zuelligphilanthropy.com\/wp-content\/uploads\/2024\/02\/ZIP-Web-Assets_Founders-David-01-254x300.png 254w\" sizes=\"(max-width: 520px) 100vw, 520px\" \/>\t\t\t\t\t\t\t\t\t\t\t\t\t<\/div>\n\t\t\t\t<\/div>\n\t\t\t\t\t<\/div>\n\t\t\t\t<\/div>\n\t\t<div class=\"elementor-element elementor-element-b3525d8 e-flex e-con-boxed e-con e-child\" data-id=\"b3525d8\" data-element_type=\"container\">\n\t\t\t\t\t<div class=\"e-con-inner\">\n\t\t\t\t<div class=\"elementor-element elementor-element-1d1e34f elementor-widget elementor-widget-heading\" data-id=\"1d1e34f\" data-element_type=\"widget\" data-widget_type=\"heading.default\">\n\t\t\t\t<div class=\"elementor-widget-container\">\n\t\t\t<h2 class=\"elementor-heading-title elementor-size-default\">LE MONSIEUR DAVID ZUELLIG\n<\/h2>\t\t<\/div>\n\t\t\t\t<\/div>\n\t\t\t\t<div class=\"elementor-element elementor-element-dfb0375 elementor-widget elementor-widget-text-editor\" data-id=\"dfb0375\" data-element_type=\"widget\" data-widget_type=\"text-editor.default\">\n\t\t\t\t<div class=\"elementor-widget-container\">\n\t\t\t<style>\/*! elementor - v3.21.0 - 08-05-2024 *\/\n.elementor-widget-text-editor.elementor-drop-cap-view-stacked .elementor-drop-cap{background-color:#69727d;color:#fff}.elementor-widget-text-editor.elementor-drop-cap-view-framed .elementor-drop-cap{color:#69727d;border:3px solid;background-color:transparent}.elementor-widget-text-editor:not(.elementor-drop-cap-view-default) .elementor-drop-cap{margin-top:8px}.elementor-widget-text-editor:not(.elementor-drop-cap-view-default) .elementor-drop-cap-letter{width:1em;height:1em}.elementor-widget-text-editor .elementor-drop-cap{float:left;text-align:center;line-height:1;font-size:50px}.elementor-widget-text-editor .elementor-drop-cap-letter{display:inline-block}<\/style>\t\t\t\t<p>La vie de M. David Zuellig a \u00e9t\u00e9 centr\u00e9e sur les affaires et la philanthropie. Sa nomination en tant que Consul G\u00e9n\u00e9ral honoraire des Philippines \u00e0 Monaco en 2020 a ajout\u00e9 la diplomatie et le service public \u00e0 sa mission personnelle.<\/p>\n<p>M. Zuellig est n\u00e9 aux Philippines en 1957. Il a \u00e9tudi\u00e9 le commerce et la finance aux \u00c9tats-Unis et en Suisse. Il a rejoint l&rsquo;entreprise familiale dans les ann\u00e9es 1980. En 2011, il a \u00e9t\u00e9 nomm\u00e9 pr\u00e9sident de Zuellig Pharma, le plus grand distributeur pharmaceutique de la r\u00e9gion Asie-Pacifique. Il est actuellement co-directeur g\u00e9n\u00e9ral de Zuellig Group, bas\u00e9e \u00e0 Singapour. M. Zuellig est \u00e9galement pr\u00e9sident et directeur g\u00e9n\u00e9ral de FPG Insurance Group, une compagnie pr\u00e9sente aux Philippines et en Indon\u00e9sie. <\/p>\n<p>L&rsquo;autre passion de M. Zuellig est la philanthropie. En tant qu&rsquo;ancien administrateur, il reste activement impliqu\u00e9 dans la Zuellig Family Foundation. La ZFF aide les communaut\u00e9s rurales \u00e0 faire face \u00e0 des probl\u00e8mes de sant\u00e9 tels que la sant\u00e9 maternelle et infantile, la tuberculose et la malnutrition. <\/p>\n<p>Il a \u00e9galement fait partie des conseils consultatifs de l&rsquo;Asia Philanthropy Circle et de l&rsquo;Asia Impact Investment Fund.<\/p>\n<p>M. Zuellig a \u00e9t\u00e9 nomm\u00e9 \u00ab\u00a0H\u00e9ros de la philanthropie\u00a0\u00bb par le magazine Forbes Asia en 2017 et a re\u00e7u le prestigieux Oblation Award de l&rsquo;Universit\u00e9 des Philippines en 2023 pour ses contributions \u00e0 la philanthropie.<\/p>\n\t\t\t\t\t\t<\/div>\n\t\t\t\t<\/div>\n\t\t\t\t\t<\/div>\n\t\t\t\t<\/div>\n\t\t\t\t\t<\/div>\n\t\t\t\t<\/div>\n\t\t\t\t<\/div>\n\t\t<div class=\"elementor-element elementor-element-59b6f1f e-con-full e-flex e-con e-parent\" data-id=\"59b6f1f\" data-element_type=\"container\" data-settings=\"{&quot;background_background&quot;:&quot;classic&quot;}\">\n\t\t<div class=\"elementor-element elementor-element-ab91e70 e-flex e-con-boxed e-con e-child\" data-id=\"ab91e70\" data-element_type=\"container\">\n\t\t\t\t\t<div class=\"e-con-inner\">\n\t\t<div class=\"elementor-element elementor-element-d9646db e-flex e-con-boxed e-con e-child\" data-id=\"d9646db\" data-element_type=\"container\">\n\t\t\t\t\t<div class=\"e-con-inner\">\n\t\t\t\t<div class=\"elementor-element elementor-element-bcba16d elementor-widget elementor-widget-heading\" data-id=\"bcba16d\" data-element_type=\"widget\" data-widget_type=\"heading.default\">\n\t\t\t\t<div class=\"elementor-widget-container\">\n\t\t\t<h2 class=\"elementor-heading-title elementor-size-default\">Le Dr Hazel Zuellig<\/h2>\t\t<\/div>\n\t\t\t\t<\/div>\n\t\t\t\t<div class=\"elementor-element elementor-element-223be28 elementor-widget elementor-widget-text-editor\" data-id=\"223be28\" data-element_type=\"widget\" data-widget_type=\"text-editor.default\">\n\t\t\t\t<div class=\"elementor-widget-container\">\n\t\t\t\t\t\t\t<p>Le Dr Hazel Zuellig est neurologue consultant au Brain Institute du Cardinal Santos Medical Center et au Centre Medicale Internationale de Bonifacio Global City \u00e0 Manille. Elle est dipl\u00f4m\u00e9e de l\u2019University of the Philippines College of Medicine et a termin\u00e9 son internat en neurologie au Philippine General Hospital. Elle est \u00e9galement titulaire d&rsquo;un MBA en administration des affaires.<\/p>\n<p>Le Dr Zuellig est professeur adjoint de politique de sant\u00e9 et d&rsquo;administration hospitali\u00e8re \u00e0 la facult\u00e9 de sant\u00e9 publique de l&rsquo;universit\u00e9 des Philippines. Elle a contribu\u00e9 \u00e0 plusieurs publications universitaires internationales sur l&rsquo;\u00e9pilepsie et la sant\u00e9 publique et a donn\u00e9 de nombreuses conf\u00e9rences sur la neurologie aux Philippines et \u00e0 l&rsquo;\u00e9tranger. <\/p>\n<p>Tout au long de sa vie professionnelle, le Dr Zuellig a \u00e9t\u00e9 l&rsquo;un des principaux promoteurs de projets de service sur les crises d&rsquo;\u00e9pilepsie, les tumeurs c\u00e9r\u00e9brales, le cancer et les accidents vasculaires c\u00e9r\u00e9braux au sein de diff\u00e9rentes organisations m\u00e9dicales.<\/p>\n<p>Le Dr.. Zuellig a re\u00e7u le Presidential Award de l&rsquo; Universit\u00e9 des Philippines Medical Alumni Society en 2023 pour ses r\u00e9alisations et ses contributions \u00e0 l\u2019universit\u00e9.<\/p>\n\t\t\t\t\t\t<\/div>\n\t\t\t\t<\/div>\n\t\t\t\t\t<\/div>\n\t\t\t\t<\/div>\n\t\t<div class=\"elementor-element elementor-element-0c4bfdf e-flex e-con-boxed e-con e-child\" data-id=\"0c4bfdf\" data-element_type=\"container\">\n\t\t\t\t\t<div class=\"e-con-inner\">\n\t\t\t\t<div class=\"elementor-element elementor-element-0de0a15 elementor-widget elementor-widget-image\" data-id=\"0de0a15\" data-element_type=\"widget\" data-widget_type=\"image.default\">\n\t\t\t\t<div class=\"elementor-widget-container\">\n\t\t\t\t\t\t\t\t\t\t\t\t\t<img decoding=\"async\" width=\"520\" height=\"613\" src=\"https:\/\/zuelligphilanthropy.com\/wp-content\/uploads\/2024\/04\/ZIP-Web-Assets_Founders-Hazel-01.png\" class=\"attachment-large size-large wp-image-3046\" alt=\"\" srcset=\"https:\/\/zuelligphilanthropy.com\/wp-content\/uploads\/2024\/04\/ZIP-Web-Assets_Founders-Hazel-01.png 520w, https:\/\/zuelligphilanthropy.com\/wp-content\/uploads\/2024\/04\/ZIP-Web-Assets_Founders-Hazel-01-254x300.png 254w\" sizes=\"(max-width: 520px) 100vw, 520px\" \/>\t\t\t\t\t\t\t\t\t\t\t\t\t<\/div>\n\t\t\t\t<\/div>\n\t\t\t\t\t<\/div>\n\t\t\t\t<\/div>\n\t\t\t\t\t<\/div>\n\t\t\t\t<\/div>\n\t\t\t\t<\/div>\n\t\t\t\t<\/div>\n\t\t","protected":false},"excerpt":{"rendered":"<p>Les Cofondateurs LE MONSIEUR DAVID ZUELLIG La vie de M. David Zuellig a \u00e9t\u00e9 centr\u00e9e sur les affaires et la philanthropie. Sa nomination en tant que Consul G\u00e9n\u00e9ral honoraire des Philippines \u00e0 Monaco en 2020 a ajout\u00e9 la diplomatie et le service public \u00e0 sa mission personnelle. M. Zuellig est n\u00e9 aux Philippines en 1957. [&hellip;]<\/p>\n","protected":false},"author":1,"featured_media":0,"parent":0,"menu_order":0,"comment_status":"closed","ping_status":"closed","template":"elementor_header_footer","meta":{"_acf_changed":false,"footnotes":""},"class_list":["post-3044","page","type-page","status-publish","hentry"],"acf":[],"yoast_head":"<!-- This site is optimized with the Yoast SEO plugin v22.6 - https:\/\/yoast.com\/wordpress\/plugins\/seo\/ -->\n<title>Les Cofondateurs - Zuellig Initiatives Philanthropiques<\/title>\n<meta name=\"robots\" content=\"index, follow, max-snippet:-1, max-image-preview:large, max-video-preview:-1\" \/>\n<link rel=\"canonical\" href=\"https:\/\/zuelligphilanthropy.com\/fr\/les-cofondateurs\/\" \/>\n<meta property=\"og:locale\" content=\"fr_FR\" \/>\n<meta property=\"og:type\" content=\"article\" \/>\n<meta property=\"og:title\" content=\"Les Cofondateurs - Zuellig Initiatives Philanthropiques\" \/>\n<meta property=\"og:description\" content=\"Les Cofondateurs LE MONSIEUR DAVID ZUELLIG La vie de M. David Zuellig a \u00e9t\u00e9 centr\u00e9e sur les affaires et la philanthropie. Sa nomination en tant que Consul G\u00e9n\u00e9ral honoraire des Philippines \u00e0 Monaco en 2020 a ajout\u00e9 la diplomatie et le service public \u00e0 sa mission personnelle. M. Zuellig est n\u00e9 aux Philippines en 1957. [&hellip;]\" \/>\n<meta property=\"og:url\" content=\"https:\/\/zuelligphilanthropy.com\/fr\/les-cofondateurs\/\" \/>\n<meta property=\"og:site_name\" content=\"Zuellig Initiatives Philanthropiques\" \/>\n<meta property=\"article:modified_time\" content=\"2024-05-07T14:07:21+00:00\" \/>\n<meta property=\"og:image\" content=\"https:\/\/zuelligphilanthropy.com\/wp-content\/uploads\/2024\/02\/ZIP-Web-Assets_Founders-David-01.png\" \/>\n<meta name=\"twitter:card\" content=\"summary_large_image\" \/>\n<meta name=\"twitter:label1\" content=\"Dur\u00e9e de lecture estim\u00e9e\" \/>\n\t<meta name=\"twitter:data1\" content=\"2 minutes\" \/>\n<script type=\"application\/ld+json\" class=\"yoast-schema-graph\">{\"@context\":\"https:\/\/schema.org\",\"@graph\":[{\"@type\":\"WebPage\",\"@id\":\"https:\/\/zuelligphilanthropy.com\/fr\/les-cofondateurs\/\",\"url\":\"https:\/\/zuelligphilanthropy.com\/fr\/les-cofondateurs\/\",\"name\":\"Les Cofondateurs - Zuellig Initiatives Philanthropiques\",\"isPartOf\":{\"@id\":\"https:\/\/zuelligphilanthropy.com\/fr\/#website\"},\"primaryImageOfPage\":{\"@id\":\"https:\/\/zuelligphilanthropy.com\/fr\/les-cofondateurs\/#primaryimage\"},\"image\":{\"@id\":\"https:\/\/zuelligphilanthropy.com\/fr\/les-cofondateurs\/#primaryimage\"},\"thumbnailUrl\":\"https:\/\/zuelligphilanthropy.com\/wp-content\/uploads\/2024\/02\/ZIP-Web-Assets_Founders-David-01.png\",\"datePublished\":\"2024-02-15T14:25:19+00:00\",\"dateModified\":\"2024-05-07T14:07:21+00:00\",\"breadcrumb\":{\"@id\":\"https:\/\/zuelligphilanthropy.com\/fr\/les-cofondateurs\/#breadcrumb\"},\"inLanguage\":\"fr-FR\",\"potentialAction\":[{\"@type\":\"ReadAction\",\"target\":[\"https:\/\/zuelligphilanthropy.com\/fr\/les-cofondateurs\/\"]}]},{\"@type\":\"ImageObject\",\"inLanguage\":\"fr-FR\",\"@id\":\"https:\/\/zuelligphilanthropy.com\/fr\/les-cofondateurs\/#primaryimage\",\"url\":\"https:\/\/zuelligphilanthropy.com\/wp-content\/uploads\/2024\/02\/ZIP-Web-Assets_Founders-David-01.png\",\"contentUrl\":\"https:\/\/zuelligphilanthropy.com\/wp-content\/uploads\/2024\/02\/ZIP-Web-Assets_Founders-David-01.png\"},{\"@type\":\"BreadcrumbList\",\"@id\":\"https:\/\/zuelligphilanthropy.com\/fr\/les-cofondateurs\/#breadcrumb\",\"itemListElement\":[{\"@type\":\"ListItem\",\"position\":1,\"name\":\"Home\",\"item\":\"https:\/\/zuelligphilanthropy.com\/fr\/\"},{\"@type\":\"ListItem\",\"position\":2,\"name\":\"Les Cofondateurs\"}]},{\"@type\":\"WebSite\",\"@id\":\"https:\/\/zuelligphilanthropy.com\/fr\/#website\",\"url\":\"https:\/\/zuelligphilanthropy.com\/fr\/\",\"name\":\"Zuellig Initiatives Philanthropiques\",\"description\":\"\",\"potentialAction\":[{\"@type\":\"SearchAction\",\"target\":{\"@type\":\"EntryPoint\",\"urlTemplate\":\"https:\/\/zuelligphilanthropy.com\/fr\/?s={search_term_string}\"},\"query-input\":\"required name=search_term_string\"}],\"inLanguage\":\"fr-FR\"}]}<\/script>\n<!-- \/ Yoast SEO plugin. -->","yoast_head_json":{"title":"Les Cofondateurs - Zuellig Initiatives Philanthropiques","robots":{"index":"index","follow":"follow","max-snippet":"max-snippet:-1","max-image-preview":"max-image-preview:large","max-video-preview":"max-video-preview:-1"},"canonical":"https:\/\/zuelligphilanthropy.com\/fr\/les-cofondateurs\/","og_locale":"fr_FR","og_type":"article","og_title":"Les Cofondateurs - Zuellig Initiatives Philanthropiques","og_description":"Les Cofondateurs LE MONSIEUR DAVID ZUELLIG La vie de M. David Zuellig a \u00e9t\u00e9 centr\u00e9e sur les affaires et la philanthropie. Sa nomination en tant que Consul G\u00e9n\u00e9ral honoraire des Philippines \u00e0 Monaco en 2020 a ajout\u00e9 la diplomatie et le service public \u00e0 sa mission personnelle. M. Zuellig est n\u00e9 aux Philippines en 1957. [&hellip;]","og_url":"https:\/\/zuelligphilanthropy.com\/fr\/les-cofondateurs\/","og_site_name":"Zuellig Initiatives Philanthropiques","article_modified_time":"2024-05-07T14:07:21+00:00","og_image":[{"url":"https:\/\/zuelligphilanthropy.com\/wp-content\/uploads\/2024\/02\/ZIP-Web-Assets_Founders-David-01.png"}],"twitter_card":"summary_large_image","twitter_misc":{"Dur\u00e9e de lecture estim\u00e9e":"2 minutes"},"schema":{"@context":"https:\/\/schema.org","@graph":[{"@type":"WebPage","@id":"https:\/\/zuelligphilanthropy.com\/fr\/les-cofondateurs\/","url":"https:\/\/zuelligphilanthropy.com\/fr\/les-cofondateurs\/","name":"Les Cofondateurs - Zuellig Initiatives Philanthropiques","isPartOf":{"@id":"https:\/\/zuelligphilanthropy.com\/fr\/#website"},"primaryImageOfPage":{"@id":"https:\/\/zuelligphilanthropy.com\/fr\/les-cofondateurs\/#primaryimage"},"image":{"@id":"https:\/\/zuelligphilanthropy.com\/fr\/les-cofondateurs\/#primaryimage"},"thumbnailUrl":"https:\/\/zuelligphilanthropy.com\/wp-content\/uploads\/2024\/02\/ZIP-Web-Assets_Founders-David-01.png","datePublished":"2024-02-15T14:25:19+00:00","dateModified":"2024-05-07T14:07:21+00:00","breadcrumb":{"@id":"https:\/\/zuelligphilanthropy.com\/fr\/les-cofondateurs\/#breadcrumb"},"inLanguage":"fr-FR","potentialAction":[{"@type":"ReadAction","target":["https:\/\/zuelligphilanthropy.com\/fr\/les-cofondateurs\/"]}]},{"@type":"ImageObject","inLanguage":"fr-FR","@id":"https:\/\/zuelligphilanthropy.com\/fr\/les-cofondateurs\/#primaryimage","url":"https:\/\/zuelligphilanthropy.com\/wp-content\/uploads\/2024\/02\/ZIP-Web-Assets_Founders-David-01.png","contentUrl":"https:\/\/zuelligphilanthropy.com\/wp-content\/uploads\/2024\/02\/ZIP-Web-Assets_Founders-David-01.png"},{"@type":"BreadcrumbList","@id":"https:\/\/zuelligphilanthropy.com\/fr\/les-cofondateurs\/#breadcrumb","itemListElement":[{"@type":"ListItem","position":1,"name":"Home","item":"https:\/\/zuelligphilanthropy.com\/fr\/"},{"@type":"ListItem","position":2,"name":"Les Cofondateurs"}]},{"@type":"WebSite","@id":"https:\/\/zuelligphilanthropy.com\/fr\/#website","url":"https:\/\/zuelligphilanthropy.com\/fr\/","name":"Zuellig Initiatives Philanthropiques","description":"","potentialAction":[{"@type":"SearchAction","target":{"@type":"EntryPoint","urlTemplate":"https:\/\/zuelligphilanthropy.com\/fr\/?s={search_term_string}"},"query-input":"required name=search_term_string"}],"inLanguage":"fr-FR"}]}},"_links":{"self":[{"href":"https:\/\/zuelligphilanthropy.com\/fr\/wp-json\/wp\/v2\/pages\/3044","targetHints":{"allow":["GET"]}}],"collection":[{"href":"https:\/\/zuelligphilanthropy.com\/fr\/wp-json\/wp\/v2\/pages"}],"about":[{"href":"https:\/\/zuelligphilanthropy.com\/fr\/wp-json\/wp\/v2\/types\/page"}],"author":[{"embeddable":true,"href":"https:\/\/zuelligphilanthropy.com\/fr\/wp-json\/wp\/v2\/users\/1"}],"replies":[{"embeddable":true,"href":"https:\/\/zuelligphilanthropy.com\/fr\/wp-json\/wp\/v2\/comments?post=3044"}],"version-history":[{"count":1,"href":"https:\/\/zuelligphilanthropy.com\/fr\/wp-json\/wp\/v2\/pages\/3044\/revisions"}],"predecessor-version":[{"id":3047,"href":"https:\/\/zuelligphilanthropy.com\/fr\/wp-json\/wp\/v2\/pages\/3044\/revisions\/3047"}],"wp:attachment":[{"href":"https:\/\/zuelligphilanthropy.com\/fr\/wp-json\/wp\/v2\/media?parent=3044"}],"curies":[{"name":"wp","href":"https:\/\/api.w.org\/{rel}","templated":true}]}}